{"id":9115,"date":"2024-12-13T15:57:28","date_gmt":"2024-12-13T21:57:28","guid":{"rendered":"https:\/\/barradecomercio.org\/?page_id=9115"},"modified":"2026-01-29T16:16:31","modified_gmt":"2026-01-29T22:16:31","slug":"mesmerize","status":"publish","type":"page","link":"https:\/\/barradecomercio.org\/","title":{"rendered":"Barradecomercio \u00ae"},"content":{"rendered":"<div  data-label=\"Features\" data-id=\"features--2\" data-export-id=\"features-16-card-bordered\" data-category=\"features\" class=\"features-16-card-bordered content-section content-section-spacing\" id=\"features-2\" style=\"background-color: #f5fafd;\">\n<div  class=\"gridContainer\">\n<div  class=\"row text-center\">\n<div  class=\"section-title-col\" data-type=\"column\">\n<h2  class=\"\">PR\u00d3XIMOS CURSOS<\/h2>\n<\/div>\n<\/div>\n<div  class=\"row spaced-cols center-sm\" data-type=\"row\">\n\n\n\n<div  class=\"col-xs-12 col-sm-6 col-md-4\">\n<div  class=\"card no-padding bordered y-move\">\n\n<a  data-cp-link=\"1\" href=\"https:\/\/barradecomercio.org?p=12958\" target=\"_self\" rel=\"noopener\"><img  data-recalc-dims=\"1\" decoding=\"async\" loading=\"lazy\" class=\"face\" src=\"https:\/\/i0.wp.com\/barradecomercio.org\/wp-content\/uploads\/2026\/01\/cropped-XL_PROMO_ACTUALIZACION_VERTICAL_2026.jpg?w=3840&#038;ssl=1\" title=\"XL_IVA_vertical\" alt=\"\"><\/a>\n<div  data-type=\"column\" class=\"col-padding-small col-padding-small-xs description-container\"><\/div>\n<div  data-type=\"column\" class=\"col-padding-small col-padding-small-xs read-more-container\"><\/div>\n<\/div>\n<\/div><div  class=\"col-xs-12 col-sm-6 col-md-4\">\n<div  class=\"card no-padding bordered y-move\">\n\n<a  data-cp-link=\"1\" href=\"https:\/\/barradecomercio.org?p=7729\" target=\"_self\" rel=\"noopener\"><img  decoding=\"async\" loading=\"lazy\" class=\"face\" src=\"https:\/\/i0.wp.com\/barradecomercio.org\/wp-content\/uploads\/2024\/01\/XL_PROMO_CLASIFICACION_vertical-1.jpg?w=3840&amp;ssl=1\" title=\"XL_IVA_vertical\" alt=\"\" width=\"329\" height=\"476\"><\/a>\n<div  data-type=\"column\" class=\"col-padding-small col-padding-small-xs description-container\"><\/div>\n<div  data-type=\"column\" class=\"col-padding-small col-padding-small-xs read-more-container\"><\/div>\n<\/div>\n<\/div><div  class=\"col-xs-12 col-sm-6 col-md-4\">\n<div  class=\"card no-padding bordered y-move\">\n\n<a  data-cp-link=\"1\" href=\"https:\/\/barradecomercio.org?p=12907\" target=\"_self\" rel=\"noopener\"><img  data-recalc-dims=\"1\" decoding=\"async\" loading=\"lazy\" class=\"face\" src=\"https:\/\/i0.wp.com\/barradecomercio.org\/wp-content\/uploads\/2025\/11\/XL_PROMO_LEY_ADUANERA_VERTICAL.jpg?w=3840&amp;ssl=1\" title=\"XL_IVA_vertical\" alt=\"\"><\/a>\n<div  data-type=\"column\" class=\"col-padding-small col-padding-small-xs description-container\"><\/div>\n<div  data-type=\"column\" class=\"col-padding-small col-padding-small-xs read-more-container\"><\/div>\n<\/div>\n<\/div><\/div>\n<\/div>\n<\/div>\n\n<div  data-label=\"Features\" data-id=\"features--1\" data-export-id=\"features-16\" data-category=\"features\" class=\"features-16 content-section content-section-spacing\" id=\"features-1\" style=\"background-color: #ffffff;\">\n<div  class=\"gridContainer\">\n<div  class=\"row text-center\">\n<div  class=\"section-title-col\" data-type=\"column\">\n<h2  class=\"\" style=\"border-bottom-color: #0097a7;\">SERVICIOS<\/h2>\n<\/div>\n<\/div>\n<div  class=\"row spaced-cols\" data-type=\"row\">\n<div  class=\"col-xs-12 col-sm-6 col-md-4 space-bottom\">\n\n<a  data-cp-link=\"1\" href=\"https:\/\/barradecomercio.org?p=2346\" target=\"_self\" rel=\"noopener\"><img  decoding=\"async\" loading=\"lazy\" class=\"face\" src=\"https:\/\/i0.wp.com\/www.barradecomercio.org\/wp-content\/uploads\/2021\/06\/M_servicios_juridico-1.png?w=3840\" title=\"\" alt=\"\"><\/a>\n<div  data-type=\"column\" class=\"col-padding-small col-padding-small-xs description-container\"><\/div>\n<\/div>\n<div  class=\"col-xs-12 col-sm-6 col-md-4 space-bottom\">\n\n<a  data-cp-link=\"1\" href=\"https:\/\/barradecomercio.org?p=2367\" target=\"_self\" rel=\"noopener\"><img  decoding=\"async\" loading=\"lazy\" class=\"face\" src=\"https:\/\/i1.wp.com\/www.barradecomercio.org\/wp-content\/uploads\/2021\/06\/M_servicios_tramites-1.png?w=3840\" title=\"\" alt=\"\"><\/a>\n<div  data-type=\"column\" class=\"col-padding-small col-padding-small-xs description-container\"><\/div>\n<\/div>\n<div  class=\"col-xs-12 col-sm-6 col-md-4 space-bottom\">\n\n<a  data-cp-link=\"1\" href=\"https:\/\/barradecomercio.org?p=4860\" target=\"_self\" rel=\"noopener\"><img  decoding=\"async\" loading=\"lazy\" class=\"face\" src=\"https:\/\/i0.wp.com\/barradecomercio.org\/wp-content\/uploads\/2014\/12\/M_servicios_consultoria2.jpg?w=3840&amp;ssl=1\" title=\"\" alt=\"\" width=\"381\" height=\"215\"><\/a>\n<div  data-type=\"column\" class=\"col-padding-small col-padding-small-xs description-container\"><\/div>\n<\/div>\n<\/div>\n<\/div>\n<\/div>\n\n<div  data-label=\"Latest-news\" data-id=\"latest_news--1\" data-export-id=\"blog-section\" data-category=\"latest_news\" class=\"blog-section blog-section-standard content-section content-section-spacing\" id=\"latest_news-1\" style=\"background-color: #f5fafd;\">\n<div  class=\"\">\n<div  class=\"row\">\n<div  data-type=\"column\" class=\"section-title-col\">\n<h2  class=\"\">NOTICOMEXT \u00ae<\/h2>\nNoticias de Comercio Exterior\n\n<\/div>\n<\/div>\n<div  class=\"row\">\n<div  data-type=\"row\" data-dynamic-columns=\"handled\" data-content-shortcode=\"mesmerize_latest_news columns=&quot;3&quot; \">\t\t<div class=\"row center-sm content-left-sm\">\n\t\t\t\t\t<div id=\"post-13075\" class=\"col-sm-6 col-md-3 space-bottom space-bottom-xs\">\n\t\t\t\t<div class=\"post-content card y-move bordered\">\n\t\t\t\t\t<div class=\"post-thumbnail\">\n   <a href=\"https:\/\/barradecomercio.org\/?p=13075\" class=\"post-list-item-thumb \">\n      <img loading=\"lazy\" decoding=\"async\" width=\"460\" height=\"260\" src=\"https:\/\/i0.wp.com\/barradecomercio.org\/wp-content\/uploads\/2026\/04\/M_2026_taiwan.jpg?fit=460%2C260&amp;ssl=1\" class=\"attachment-post-thumbnail size-post-thumbnail wp-post-image\" alt=\"\" srcset=\"https:\/\/i0.wp.com\/barradecomercio.org\/wp-content\/uploads\/2026\/04\/M_2026_taiwan.jpg?w=460&amp;ssl=1 460w, https:\/\/i0.wp.com\/barradecomercio.org\/wp-content\/uploads\/2026\/04\/M_2026_taiwan.jpg?resize=300%2C170&amp;ssl=1 300w\" sizes=\"auto, (max-width: 460px) 100vw, 460px\" \/>   <\/a>\n<\/div>\n\t\t\t\t\t<div class=\"col-padding col-padding-xs\">\n\t\t\t\t\t\t<h3 class=\"post-title space-bottom-small\">\n\t\t\t\t\t\t\t<a href=\"https:\/\/barradecomercio.org\/?p=13075\" rel=\"bookmark\">\n\t\t\t\t\t\t\t\tImportaciones desde Taiw\u00e1n se disparan 400% en un a\u00f1o\t\t\t\t\t\t\t<\/a>\n\t\t\t\t\t\t<\/h3>\n\t\t\t\t\t\t<p>Las importaciones mexicanas provenientes de Taiw\u00e1n\u00a0registraron un crecimiento de 400 por ciento anual en febrero de 2026, en medio de una reconfiguraci\u00f3n acelerada de las cadenas globales de suministro y[&hellip;]<\/p>\n\t\t\t\t\t\t<a class=\"read-more link\" href=\"https:\/\/barradecomercio.org\/?p=13075\">\n\t\t\t\t\t\t\tRead more\t\t\t\t\t\t<\/a>\n\t\t\t\t\t<\/div>\n\t\t\t\t<\/div>\n\t\t\t<\/div>\n\t\t\t\t\t\t<div id=\"post-13071\" class=\"col-sm-6 col-md-3 space-bottom space-bottom-xs\">\n\t\t\t\t<div class=\"post-content card y-move bordered\">\n\t\t\t\t\t<div class=\"post-thumbnail\">\n   <a href=\"https:\/\/barradecomercio.org\/?p=13071\" class=\"post-list-item-thumb \">\n      <img loading=\"lazy\" decoding=\"async\" width=\"460\" height=\"260\" src=\"https:\/\/i0.wp.com\/barradecomercio.org\/wp-content\/uploads\/2026\/04\/M_2026_tmec.jpg?fit=460%2C260&amp;ssl=1\" class=\"attachment-post-thumbnail size-post-thumbnail wp-post-image\" alt=\"\" srcset=\"https:\/\/i0.wp.com\/barradecomercio.org\/wp-content\/uploads\/2026\/04\/M_2026_tmec.jpg?w=460&amp;ssl=1 460w, https:\/\/i0.wp.com\/barradecomercio.org\/wp-content\/uploads\/2026\/04\/M_2026_tmec.jpg?resize=300%2C170&amp;ssl=1 300w\" sizes=\"auto, (max-width: 460px) 100vw, 460px\" \/>   <\/a>\n<\/div>\n\t\t\t\t\t<div class=\"col-padding col-padding-xs\">\n\t\t\t\t\t\t<h3 class=\"post-title space-bottom-small\">\n\t\t\t\t\t\t\t<a href=\"https:\/\/barradecomercio.org\/?p=13071\" rel=\"bookmark\">\n\t\t\t\t\t\t\t\tEEUU considera \u2018mal negocio\u2019 el T-MEC y anticipa exigencias a M\u00e9xico en la revisi\u00f3n del acuerdo\t\t\t\t\t\t\t<\/a>\n\t\t\t\t\t\t<\/h3>\n\t\t\t\t\t\t<p>Estados Unidos considera el\u00a0T-MEC un &#8220;mal acuerdo&#8221;, calific\u00e1ndolo de &#8220;deficiente&#8221; y no como una relaci\u00f3n equitativa, anticipando exigencias estrictas a M\u00e9xico en la revisi\u00f3n de 2026. Las presiones incluyen la[&hellip;]<\/p>\n\t\t\t\t\t\t<a class=\"read-more link\" href=\"https:\/\/barradecomercio.org\/?p=13071\">\n\t\t\t\t\t\t\tRead more\t\t\t\t\t\t<\/a>\n\t\t\t\t\t<\/div>\n\t\t\t\t<\/div>\n\t\t\t<\/div>\n\t\t\t\t\t\t<div id=\"post-12209\" class=\"col-sm-6 col-md-3 space-bottom space-bottom-xs\">\n\t\t\t\t<div class=\"post-content card y-move bordered\">\n\t\t\t\t\t<div class=\"post-thumbnail\">\n   <a href=\"https:\/\/barradecomercio.org\/?p=12209\" class=\"post-list-item-thumb \">\n      <img loading=\"lazy\" decoding=\"async\" width=\"1024\" height=\"709\" src=\"https:\/\/i0.wp.com\/barradecomercio.org\/wp-content\/uploads\/2026\/02\/XL_PROMO_DIPLOMADO_HORIZONTAL.jpg?fit=1024%2C709&amp;ssl=1\" class=\"attachment-post-thumbnail size-post-thumbnail wp-post-image\" alt=\"\" srcset=\"https:\/\/i0.wp.com\/barradecomercio.org\/wp-content\/uploads\/2026\/02\/XL_PROMO_DIPLOMADO_HORIZONTAL.jpg?w=1040&amp;ssl=1 1040w, https:\/\/i0.wp.com\/barradecomercio.org\/wp-content\/uploads\/2026\/02\/XL_PROMO_DIPLOMADO_HORIZONTAL.jpg?resize=300%2C208&amp;ssl=1 300w, https:\/\/i0.wp.com\/barradecomercio.org\/wp-content\/uploads\/2026\/02\/XL_PROMO_DIPLOMADO_HORIZONTAL.jpg?resize=1024%2C709&amp;ssl=1 1024w, https:\/\/i0.wp.com\/barradecomercio.org\/wp-content\/uploads\/2026\/02\/XL_PROMO_DIPLOMADO_HORIZONTAL.jpg?resize=768%2C532&amp;ssl=1 768w\" sizes=\"auto, (max-width: 1024px) 100vw, 1024px\" \/>   <\/a>\n<\/div>\n\t\t\t\t\t<div class=\"col-padding col-padding-xs\">\n\t\t\t\t\t\t<h3 class=\"post-title space-bottom-small\">\n\t\t\t\t\t\t\t<a href=\"https:\/\/barradecomercio.org\/?p=12209\" rel=\"bookmark\">\n\t\t\t\t\t\t\t\tDiplomado de Comercio Exterior 2026-27\t\t\t\t\t\t\t<\/a>\n\t\t\t\t\t\t<\/h3>\n\t\t\t\t\t\t<p>Inicia el 20 de junio 2026 El diplomado incluye los temas primordiales para el dominio de los procedimientos aduaneros en un periodo de tiempo corto, pero muy efectivo para el[&hellip;]<\/p>\n\t\t\t\t\t\t<a class=\"read-more link\" href=\"https:\/\/barradecomercio.org\/?p=12209\">\n\t\t\t\t\t\t\tRead more\t\t\t\t\t\t<\/a>\n\t\t\t\t\t<\/div>\n\t\t\t\t<\/div>\n\t\t\t<\/div>\n\t\t\t\t\t\t<div id=\"post-7729\" class=\"col-sm-6 col-md-3 space-bottom space-bottom-xs\">\n\t\t\t\t<div class=\"post-content card y-move bordered\">\n\t\t\t\t\t<div class=\"post-thumbnail\">\n   <a href=\"https:\/\/barradecomercio.org\/?p=7729\" class=\"post-list-item-thumb \">\n      <img loading=\"lazy\" decoding=\"async\" width=\"1024\" height=\"709\" src=\"https:\/\/i0.wp.com\/barradecomercio.org\/wp-content\/uploads\/2024\/01\/XL_PROMO_CLASIFICACION_HORIZONTAL.jpg?fit=1024%2C709&amp;ssl=1\" class=\"attachment-post-thumbnail size-post-thumbnail wp-post-image\" alt=\"\" srcset=\"https:\/\/i0.wp.com\/barradecomercio.org\/wp-content\/uploads\/2024\/01\/XL_PROMO_CLASIFICACION_HORIZONTAL.jpg?w=1040&amp;ssl=1 1040w, https:\/\/i0.wp.com\/barradecomercio.org\/wp-content\/uploads\/2024\/01\/XL_PROMO_CLASIFICACION_HORIZONTAL.jpg?resize=300%2C208&amp;ssl=1 300w, https:\/\/i0.wp.com\/barradecomercio.org\/wp-content\/uploads\/2024\/01\/XL_PROMO_CLASIFICACION_HORIZONTAL.jpg?resize=1024%2C709&amp;ssl=1 1024w, https:\/\/i0.wp.com\/barradecomercio.org\/wp-content\/uploads\/2024\/01\/XL_PROMO_CLASIFICACION_HORIZONTAL.jpg?resize=768%2C532&amp;ssl=1 768w\" sizes=\"auto, (max-width: 1024px) 100vw, 1024px\" \/>   <\/a>\n<\/div>\n\t\t\t\t\t<div class=\"col-padding col-padding-xs\">\n\t\t\t\t\t\t<h3 class=\"post-title space-bottom-small\">\n\t\t\t\t\t\t\t<a href=\"https:\/\/barradecomercio.org\/?p=7729\" rel=\"bookmark\">\n\t\t\t\t\t\t\t\tClasificaci\u00f3n Arancelaria 2026\t\t\t\t\t\t\t<\/a>\n\t\t\t\t\t\t<\/h3>\n\t\t\t\t\t\t<p>La clasificaci\u00f3n arancelaria es para todas aquellas personas que deseen importar o exportar mercanc\u00ed\u00adas y que tienen poca experiencia en materia de comercio exterior, pero que buscan un curso que[&hellip;]<\/p>\n\t\t\t\t\t\t<a class=\"read-more link\" href=\"https:\/\/barradecomercio.org\/?p=7729\">\n\t\t\t\t\t\t\tRead more\t\t\t\t\t\t<\/a>\n\t\t\t\t\t<\/div>\n\t\t\t\t<\/div>\n\t\t\t<\/div>\n\t\t\t\t<\/div>\n\t<\/div>\n<\/div>\n<div  class=\"row\">\n<div  class=\"text-center\"><a  class=\"button color1\" data-attr-shortcode=\"href:mesmerize_blog_link\" href=\"https:\/\/barradecomercio.org\/?post_type=post\">VER M\u00c1S NOTICIAS<\/a><\/div>\n<\/div>\n<\/div>\n<\/div>\n\n<div  data-label=\"Content\" data-id=\"content--1\" data-export-id=\"content-2\" data-category=\"content\" class=\"content-2 content-section content-section-spacing\" id=\"content-1\" style=\"background-color: #f5fafd;\">\n<div >\n<div  class=\"row middle-xs\">\n<div  class=\"col-sm-5 bg-image shadow-large-black\" data-bg=\"image\" style=\"background-image: url(&quot;https:\/\/barradecomercio.org\/wp-content\/uploads\/2025\/12\/cropped-aydai-logistica.jpg&quot;);\"><\/div>\n<div  class=\"col-sm-7 full-col-left-padding full-col-right-padding\">\n<div  class=\"row\">\n<div  data-type=\"column\" class=\"space-bottom-small content-title-col\">\n<h5  class=\"\">MEJORA TU OPERACI\u00d3N ADUANERA<\/h5>\n<h2  class=\"\" style=\"border-bottom-color: #0097a7;\">El secreto del \u00e9xito<\/h2>\n<p  class=\"\">Una exitosa importaci\u00f3n o exportaci\u00f3n de mercanc\u00ed\u00adas se logra efectuando previamente los tr\u00e1mites y requisitos aduanales y verificando posteriormente su correcto descargo en el pedimento mediante auditor\u00edas y en casos extraordinarios desahogando efectivamente las pruebas ante retenciones, embargos, verificaciones en transporte y visitas domiciliarias. Cont\u00e1ctanos para lograr este objetivo.<\/p>\n<img  decoding=\"async\" loading=\"lazy\" border=\"0\" src=\"https:\/\/i0.wp.com\/www.siteprice.org\/widgets\/b\/barradecomercio.org.png?w=3840&amp;ssl=1\" alt=\"barradecomercio.org estimated website worth\" usemap=\"#spmap\" width=\"120\" height=\"120\" class=\"\">\n\n<map  name=\"spmap\" class=\"\"> <area  shape=\"circle\" coords=\"60,60,30\" alt=\"barradecomercio.org domain value\" href=\"https:\/\/www.siteprice.org\/website-worth\/barradecomercio.org\" class=\"customize-unpreviewable\"> <area  shape=\"circle\" coords=\"60,60,60\" alt=\"website worth calculator\" href=\"https:\/\/www.siteprice.org\/\" class=\"customize-unpreviewable\"><!-- map --><\/map><\/div>\n<\/div>\n<div  class=\"row spaced-cols \" data-type=\"row\">\n<div  class=\"col-xs-6\" data-type=\"column\"><a  class=\"link\" href=\"https:\/\/api.whatsapp.com\/send?phone=%2B525545988656&amp;text=WEB%2BNCE%3A%20Quiero%20m%C3%A1s%20informaci%C3%B3n%20de...\" target=\"_blank\" data-cp-link=\"1\" rel=\"noopener\">Solicitar informaci\u00f3n<\/a><\/div>\n<\/div>\n<\/div>\n<\/div>\n<\/div>\n<\/div>\n\n<div  id=\"contact-1\" data-label=\"Contact\" data-id=\"contact-1\" data-export-id=\"contact-1\" data-category=\"contact\" class=\"contact-1 content-section content-section-spacing white-text\" data-parallax-depth=\"20\" style=\"background-image: url('https:\/\/ehw4a0.p3cdn1.secureserver.net\/wp-content\/uploads\/2021\/07\/FondoHero.jpg'); background-size: cover; background-position: center top;\">\n<div  class=\"\">\n<div  class=\"row text-center\">\n<div  class=\"section-title-col\" data-type=\"column\">\n<h2  class=\"\" style=\"border-bottom-color: #0097a7;\">Cont\u00e1ctanos.<\/h2>\n<p  class=\"lead\">La investigaci\u00f3n y el desarrollo es parte fundamental de nuestra filosof\u00ed\u00ada, por lo que agradecemos su cooperaci\u00f3n para mejorar el entorno de nuestro comercio internacional.<\/p>\n\n<\/div>\n<\/div>\n<div  class=\"row text-center\">\n<div  class=\"col-xs-12 col-sm-8 col-sm-offset-2 contact-form-wrapper inline-info\">\n<div  class=\"card large-padding\">\n<div  class=\"\" data-content-shortcode=\"mesmerize_contact_form shortcode=&quot;contact-form-7 id=&amp;amp;quot;e8a6517&amp;amp;quot; title=&amp;amp;quot;Formulario de contacto 1&amp;amp;quot;&quot; type=&quot;&amp;amp;amp;amp;amp;amp;amp;amp;amp;amp;amp;amp;amp;amp;amp;amp;#39;textarea&amp;amp;amp;amp;amp;amp;amp;amp;amp;amp;amp;amp;amp;amp;amp;amp;#39;&quot; required=&quot;&amp;amp;amp;amp;amp;amp;amp;amp;amp;amp;amp;amp;amp;amp;amp;amp;#39;1&amp;amp;amp;amp;amp;amp;amp;amp;amp;amp;amp;amp;amp;amp;amp;amp;#39;&quot; label=&quot;&amp;amp;amp;amp;amp;amp;amp;amp;amp;amp;amp;amp;amp;amp;amp;amp;#39;Comentario&amp;amp;amp;amp;amp;amp;amp;amp;amp;amp;amp;amp;amp;amp;amp;amp;#39;&quot; electr\u00f3nico&amp;amp;#39; type=&quot;&amp;amp;amp;amp;amp;amp;amp;amp;amp;amp;amp;amp;amp;amp;amp;amp;#39;email&amp;amp;amp;amp;amp;amp;amp;amp;amp;amp;amp;amp;amp;amp;amp;amp;#39;&quot;\" data-editable=\"true\">\n<div class=\"wpcf7 no-js\" id=\"wpcf7-f12084-o1\" lang=\"es-ES\" dir=\"ltr\" data-wpcf7-id=\"12084\">\n<div class=\"screen-reader-response\"><p role=\"status\" aria-live=\"polite\" aria-atomic=\"true\"><\/p> <ul><\/ul><\/div>\n<form action=\"\/index.php?rest_route=%2Fwp%2Fv2%2Fpages%2F9115#wpcf7-f12084-o1\" method=\"post\" class=\"wpcf7-form init\" aria-label=\"Formulario de contacto\" novalidate=\"novalidate\" data-status=\"init\">\n<div style=\"display: none;\">\n<input type=\"hidden\" name=\"_wpcf7\" value=\"12084\" \/>\n<input type=\"hidden\" name=\"_wpcf7_version\" value=\"6.0.6\" \/>\n<input type=\"hidden\" name=\"_wpcf7_locale\" value=\"es_ES\" \/>\n<input type=\"hidden\" name=\"_wpcf7_unit_tag\" value=\"wpcf7-f12084-o1\" \/>\n<input type=\"hidden\" name=\"_wpcf7_container_post\" value=\"0\" \/>\n<input type=\"hidden\" name=\"_wpcf7_posted_data_hash\" value=\"\" \/>\n<input type=\"hidden\" name=\"_wpcf7_recaptcha_response\" value=\"\" \/>\n<\/div>\n<p><label> Tu nombre<br \/>\n<span class=\"wpcf7-form-control-wrap\" data-name=\"your-name\"><input size=\"40\" maxlength=\"400\" class=\"wpcf7-form-control wpcf7-text wpcf7-validates-as-required\" autocomplete=\"name\" aria-required=\"true\" aria-invalid=\"false\" value=\"\" type=\"text\" name=\"your-name\" \/><\/span> <\/label>\n<\/p>\n<p><label> Tu correo electr\u00f3nico<br \/>\n<span class=\"wpcf7-form-control-wrap\" data-name=\"your-email\"><input size=\"40\" maxlength=\"400\" class=\"wpcf7-form-control wpcf7-email wpcf7-validates-as-required wpcf7-text wpcf7-validates-as-email\" autocomplete=\"email\" aria-required=\"true\" aria-invalid=\"false\" value=\"\" type=\"email\" name=\"your-email\" \/><\/span> <\/label>\n<\/p>\n<p><label> Asunto<br \/>\n<span class=\"wpcf7-form-control-wrap\" data-name=\"your-subject\"><input size=\"40\" maxlength=\"400\" class=\"wpcf7-form-control wpcf7-text wpcf7-validates-as-required\" aria-required=\"true\" aria-invalid=\"false\" value=\"\" type=\"text\" name=\"your-subject\" \/><\/span> <\/label>\n<\/p>\n<p><label> Tu mensaje<br \/>\n<span class=\"wpcf7-form-control-wrap\" data-name=\"your-message\"><textarea cols=\"40\" rows=\"10\" maxlength=\"2000\" class=\"wpcf7-form-control wpcf7-textarea\" aria-invalid=\"false\" name=\"your-message\"><\/textarea><\/span> <\/label>\n<\/p>\n<p><input class=\"wpcf7-form-control wpcf7-submit has-spinner\" type=\"submit\" value=\"Enviar\" \/>\n<\/p><p style=\"display: none !important;\" class=\"akismet-fields-container\" data-prefix=\"_wpcf7_ak_\"><label>&#916;<textarea name=\"_wpcf7_ak_hp_textarea\" cols=\"45\" rows=\"8\" maxlength=\"100\"><\/textarea><\/label><input type=\"hidden\" id=\"ak_js_1\" name=\"_wpcf7_ak_js\" value=\"92\"\/><script>document.getElementById( \"ak_js_1\" ).setAttribute( \"value\", ( new Date() ).getTime() );<\/script><\/p><div class=\"wpcf7-response-output\" aria-hidden=\"true\"><\/div>\n<\/form>\n<\/div>\n<\/div>\n<\/div>\n<\/div>\n<\/div>\n<\/div>\n<\/div>","protected":false},"excerpt":{"rendered":"<p>PR\u00d3XIMOS CURSOS SERVICIOS NOTICOMEXT \u00ae Noticias de Comercio Exterior VER M\u00c1S NOTICIAS MEJORA TU OPERACI\u00d3N ADUANERA El secreto del \u00e9xito Una exitosa importaci\u00f3n o exportaci\u00f3n de mercanc\u00ed\u00adas se logra efectuando previamente los tr\u00e1mites y requisitos aduanales y verificando posteriormente su correcto descargo en el pedimento mediante auditor\u00edas y en casos extraordinarios desahogando efectivamente las pruebas&hellip; <br \/> <a class=\"read-more\" href=\"https:\/\/barradecomercio.org\/?p=7729\">Seguir leyendo&#8230;<\/a><\/p>\n","protected":false},"author":2,"featured_media":0,"parent":0,"menu_order":0,"comment_status":"closed","ping_status":"closed","template":"page-templates\/homepage.php","meta":{"jetpack_post_was_ever_published":false,"footnotes":""},"class_list":["post-9115","page","type-page","status-publish","hentry"],"jetpack-related-posts":[],"jetpack_sharing_enabled":true,"_links":{"self":[{"href":"https:\/\/barradecomercio.org\/index.php?rest_route=\/wp\/v2\/pages\/9115","targetHints":{"allow":["GET"]}}],"collection":[{"href":"https:\/\/barradecomercio.org\/index.php?rest_route=\/wp\/v2\/pages"}],"about":[{"href":"https:\/\/barradecomercio.org\/index.php?rest_route=\/wp\/v2\/types\/page"}],"author":[{"embeddable":true,"href":"https:\/\/barradecomercio.org\/index.php?rest_route=\/wp\/v2\/users\/2"}],"replies":[{"embeddable":true,"href":"https:\/\/barradecomercio.org\/index.php?rest_route=%2Fwp%2Fv2%2Fcomments&post=9115"}],"version-history":[{"count":163,"href":"https:\/\/barradecomercio.org\/index.php?rest_route=\/wp\/v2\/pages\/9115\/revisions"}],"predecessor-version":[{"id":12975,"href":"https:\/\/barradecomercio.org\/index.php?rest_route=\/wp\/v2\/pages\/9115\/revisions\/12975"}],"wp:attachment":[{"href":"https:\/\/barradecomercio.org\/index.php?rest_route=%2Fwp%2Fv2%2Fmedia&parent=9115"}],"curies":[{"name":"wp","href":"https:\/\/api.w.org\/{rel}","templated":true}]}}