{"id":5846,"date":"2015-01-30T05:27:20","date_gmt":"2015-01-30T11:27:20","guid":{"rendered":"https:\/\/barradecomercio.org\/?page_id=5846"},"modified":"2021-06-10T18:08:13","modified_gmt":"2021-06-11T00:08:13","slug":"tratado-de-libre-comercio-mexico-bolivia","status":"publish","type":"page","link":"https:\/\/barradecomercio.org\/?page_id=5846","title":{"rendered":"Tratado de Libre Comercio M\u00e9xico-Bolivia"},"content":{"rendered":"<p><span style=\"color: #008080;\"><strong><img data-recalc-dims=\"1\" loading=\"lazy\" decoding=\"async\" class=\"alignleft wp-image-5847\" src=\"https:\/\/i0.wp.com\/barradecomercio.org\/wp-content\/uploads\/2015\/01\/mexico-bolivia.jpg?resize=150%2C95&#038;ssl=1\" alt=\"mexico-bolivia\" width=\"150\" height=\"95\" srcset=\"https:\/\/i0.wp.com\/barradecomercio.org\/wp-content\/uploads\/2015\/01\/mexico-bolivia.jpg?resize=300%2C190&amp;ssl=1 300w, https:\/\/i0.wp.com\/barradecomercio.org\/wp-content\/uploads\/2015\/01\/mexico-bolivia.jpg?w=665&amp;ssl=1 665w\" sizes=\"auto, (max-width: 150px) 100vw, 150px\" \/>Tratado de Libre Comercio M\u00e9xico-Bolivia<br \/>\n<\/strong><\/span><\/p>\n<p><span style=\"color: #808080;\"><strong>M\u00e9xico -Bolivia<\/strong><\/span><\/p>\n<hr \/>\n<p>&nbsp;<\/p>\n<p>https:\/\/barradecomercio.org\/wp-content\/uploads\/2015\/01\/ACE66_s.pdf<\/p>\n<h3><span style=\"color: #008080;\">Solicite servicios de consultor\u00ed\u00ada para sus operaciones<\/span><\/h3>\n<div data-test='contact-form' id='contact-form-5846' class='wp-block-jetpack-contact-form-container '>\n<form action='https:\/\/barradecomercio.org\/?page_id=5846#contact-form-5846' method='post' class='contact-form commentsblock' aria-label=\"Tratado de Libre Comercio M\u00e9xico-Bolivia\" novalidate>\n\n<div style=\"\" class='grunion-field-name-wrap grunion-field-wrap'  >\n<label\n\t\t\t\tfor='g5846-nombre'\n\t\t\t\tclass='grunion-field-label name'>Nombre<span class=\"grunion-label-required\" aria-hidden=\"true\">(obligatorio)<\/span><\/label>\n<input\n\t\t\t\t\ttype='text'\n\t\t\t\t\tname='g5846-nombre'\n\t\t\t\t\tid='g5846-nombre'\n\t\t\t\t\tvalue=''\n\t\t\t\t\tclass='name  grunion-field' \n\t\t\t\t\trequired aria-required='true' \/>\n\t<\/div>\n\n<div style=\"\" class='grunion-field-email-wrap grunion-field-wrap'  >\n<label\n\t\t\t\tfor='g5846-correoelectrnico'\n\t\t\t\tclass='grunion-field-label email'>Correo electr\u00f3nico<span class=\"grunion-label-required\" aria-hidden=\"true\">(obligatorio)<\/span><\/label>\n<input\n\t\t\t\t\ttype='email'\n\t\t\t\t\tname='g5846-correoelectrnico'\n\t\t\t\t\tid='g5846-correoelectrnico'\n\t\t\t\t\tvalue=''\n\t\t\t\t\tclass='email  grunion-field' \n\t\t\t\t\trequired aria-required='true' \/>\n\t<\/div>\n\n<div style=\"\" class='grunion-field-text-wrap grunion-field-wrap'  >\n<label\n\t\t\t\tfor='g5846-whatsappotelfono'\n\t\t\t\tclass='grunion-field-label text'>WhatsApp o tel\u00e9fono<span class=\"grunion-label-required\" aria-hidden=\"true\">(obligatorio)<\/span><\/label>\n<input\n\t\t\t\t\ttype='text'\n\t\t\t\t\tname='g5846-whatsappotelfono'\n\t\t\t\t\tid='g5846-whatsappotelfono'\n\t\t\t\t\tvalue=''\n\t\t\t\t\tclass='text  grunion-field' \n\t\t\t\t\trequired aria-required='true' \/>\n\t<\/div>\n\n<div style=\"\" class='grunion-field-textarea-wrap grunion-field-wrap'  >\n<label\n\t\t\t\tfor='contact-form-comment-g5846-mensajeoconsulta'\n\t\t\t\tclass='grunion-field-label textarea'>Mensaje o consulta<\/label>\n<textarea\n\t\t                style=''\n\t\t                name='g5846-mensajeoconsulta'\n\t\t                id='contact-form-comment-g5846-mensajeoconsulta'\n\t\t                rows='20' class='textarea  grunion-field'  ><\/textarea>\n\t<\/div>\n\t<p class='contact-submit'>\n\t\t<button type='submit' class='pushbutton-wide'>Enviar<\/button>\t\t<input type='hidden' name='contact-form-id' value='5846' \/>\n\t\t<input type='hidden' name='action' value='grunion-contact-form' \/>\n\t\t<input type='hidden' name='contact-form-hash' value='79065ee09b54583c11e02c7dcb1446c401ec52be' \/>\n\t<\/p>\n<p style=\"display: none !important;\" class=\"akismet-fields-container\" data-prefix=\"ak_\"><label>&#916;<textarea name=\"ak_hp_textarea\" cols=\"45\" rows=\"8\" maxlength=\"100\"><\/textarea><\/label><input type=\"hidden\" id=\"ak_js_1\" name=\"ak_js\" value=\"24\"\/><script>document.getElementById( \"ak_js_1\" ).setAttribute( \"value\", ( new Date() ).getTime() );<\/script><\/p><\/form>\n<\/div>\n<h3 style=\"text-align: left;\"><span style=\"color: #008080;\">Solicitar servicios de consultor\u00ed\u00ada<\/span><\/h3>\n<ul>\n<li style=\"text-align: left;\">Tel\u00e9fono: 55 45 98 86 56<\/li>\n<li style=\"text-align: left;\">Email: informes@barradecomercio.org.mx<\/li>\n<li style=\"text-align: left;\">WhatsApp: \u00a0 <a href=\"https:\/\/api.whatsapp.com\/send?phone=525545988656&amp;text=Quiero%20informaci\u00f3n%20sobre...\">+52 55 45 98 86 56<\/a><\/li>\n<\/ul>\n<p><a href=\"https:\/\/api.whatsapp.com\/send?phone=525545988656&amp;text=Quiero%20informaci\u00f3n%20sobre...\" target=\"_blank\" rel=\"noopener\"><img data-recalc-dims=\"1\" loading=\"lazy\" decoding=\"async\" class=\"aligncenter wp-image-8391\" src=\"https:\/\/i0.wp.com\/barradecomercio.org\/wp-content\/uploads\/2018\/06\/logo.whatss.png?resize=47%2C47&#038;ssl=1\" alt=\"\" width=\"47\" height=\"47\" \/><\/a><\/p>\n<h3><span style=\"color: #008080;\">Te pude interesar<\/span><\/h3>\n<div id=\"mtphr-dnt-2461\" class=\"mtphr-dnt mtphr-dnt-2461 mtphr-dnt-posts mtphr-dnt-list\"><div class=\"mtphr-dnt-wrapper mtphr-dnt-clearfix\"><div class=\"mtphr-dnt-tick-container\"><div class=\"mtphr-dnt-tick-contents\"><div class=\"mtphr-dnt-tick mtphr-dnt-posts-tick mtphr-dnt-clearfix \"><table class=\"mtphr-dnt-grid\"><tr class=\"mtphr-dnt-grid-row mtphr-dnt-grid-row-1\"><td class=\"mtphr-dnt-grid-item mtphr-dnt-grid-item-1 mtphr-dnt-grid-item-posts\" style=\"width:33.333333333333%;padding:5px;\"><div class=\"mtphr-dnt-post mtphr-dnt-post-13093 mtphr-dnt-post-type-post mtphr-dnt-post-category-barradecomercio-2 mtphr-dnt-post-category-cursos mtphr-dnt-post-category-finanzas mtphr-dnt-post-category-fiscal mtphr-dnt-post-category-impuestos mtphr-dnt-post-category-industria-2 mtphr-dnt-post-category-internacional-2 mtphr-dnt-post-category-juridico mtphr-dnt-post-category-legislacion-2 mtphr-dnt-post-category-logistica-2 mtphr-dnt-post-category-noticomext mtphr-dnt-post-category-regulaciones mtphr-dnt-post-category-tramites-2 mtphr-dnt-post-category-tratados-2 mtphr-dnt-post-post_tag-64 mtphr-dnt-post-post_tag-65 mtphr-dnt-post-post_tag-aduana mtphr-dnt-post-post_tag-agente mtphr-dnt-post-post_tag-cancelacion mtphr-dnt-post-post_tag-factura mtphr-dnt-post-post_tag-immex mtphr-dnt-post-post_tag-incoterms-2 mtphr-dnt-post-post_tag-incrementables mtphr-dnt-post-post_tag-manifestacion mtphr-dnt-post-post_tag-multa mtphr-dnt-post-post_tag-orden mtphr-dnt-post-post_tag-pago mtphr-dnt-post-post_tag-precio mtphr-dnt-post-post_tag-trazabilidad mtphr-dnt-post-post_tag-valor mtphr-dnt-post-post_tag-valoracio\"><h4 class=\"mtphr-dnt-posts-title\"><a href=\"https:\/\/barradecomercio.org\/?p=13093\">Metodolog\u00eda para verificaci\u00f3n del valor de transacci\u00f3n y trazabilidad<\/a><\/h4><a class=\"mtphr-dnt-posts-thumb\" href=\"https:\/\/barradecomercio.org\/?p=13093\"><img loading=\"lazy\" decoding=\"async\" width=\"300\" height=\"170\" src=\"https:\/\/i0.wp.com\/barradecomercio.org\/wp-content\/uploads\/2026\/04\/M_2026_trazabilidad_valoracion.jpg?fit=300%2C170&amp;ssl=1\" class=\"attachment-medium size-medium wp-post-image\" alt=\"\" srcset=\"https:\/\/i0.wp.com\/barradecomercio.org\/wp-content\/uploads\/2026\/04\/M_2026_trazabilidad_valoracion.jpg?w=460&amp;ssl=1 460w, https:\/\/i0.wp.com\/barradecomercio.org\/wp-content\/uploads\/2026\/04\/M_2026_trazabilidad_valoracion.jpg?resize=300%2C170&amp;ssl=1 300w\" sizes=\"auto, (max-width: 300px) 100vw, 300px\" \/><\/a><\/div><\/td><td class=\"mtphr-dnt-grid-item mtphr-dnt-grid-item-2 mtphr-dnt-grid-item-posts\" style=\"width:33.333333333333%;padding:5px;\"><div class=\"mtphr-dnt-post mtphr-dnt-post-13071 mtphr-dnt-post-type-post mtphr-dnt-post-category-finanzas mtphr-dnt-post-category-impuestos mtphr-dnt-post-category-industria-2 mtphr-dnt-post-category-internacional-2 mtphr-dnt-post-category-noticomext mtphr-dnt-post-category-regulaciones mtphr-dnt-post-category-tratados-2 mtphr-dnt-post-post_tag-can mtphr-dnt-post-post_tag-certificado mtphr-dnt-post-post_tag-eeuu mtphr-dnt-post-post_tag-mex mtphr-dnt-post-post_tag-negociacion mtphr-dnt-post-post_tag-negocios mtphr-dnt-post-post_tag-origen mtphr-dnt-post-post_tag-reglas mtphr-dnt-post-post_tag-tmec mtphr-dnt-post-post_tag-transbordo mtphr-dnt-post-post_tag-tratado mtphr-dnt-post-post_tag-usa\"><h4 class=\"mtphr-dnt-posts-title\"><a href=\"https:\/\/barradecomercio.org\/?p=13071\">EEUU considera \u2018mal negocio\u2019 el T-MEC y anticipa exigencias a M\u00e9xico en la revisi\u00f3n del acuerdo<\/a><\/h4><a class=\"mtphr-dnt-posts-thumb\" href=\"https:\/\/barradecomercio.org\/?p=13071\"><img loading=\"lazy\" decoding=\"async\" width=\"300\" height=\"170\" src=\"https:\/\/i0.wp.com\/barradecomercio.org\/wp-content\/uploads\/2026\/04\/M_2026_tmec.jpg?fit=300%2C170&amp;ssl=1\" class=\"attachment-medium size-medium wp-post-image\" alt=\"\" srcset=\"https:\/\/i0.wp.com\/barradecomercio.org\/wp-content\/uploads\/2026\/04\/M_2026_tmec.jpg?w=460&amp;ssl=1 460w, https:\/\/i0.wp.com\/barradecomercio.org\/wp-content\/uploads\/2026\/04\/M_2026_tmec.jpg?resize=300%2C170&amp;ssl=1 300w\" sizes=\"auto, (max-width: 300px) 100vw, 300px\" \/><\/a><\/div><\/td><td class=\"mtphr-dnt-grid-item mtphr-dnt-grid-item-3 mtphr-dnt-grid-item-posts\" style=\"width:33.333333333333%;padding:5px;\"><div class=\"mtphr-dnt-post mtphr-dnt-post-12903 mtphr-dnt-post-type-post mtphr-dnt-post-category-internacional-2 mtphr-dnt-post-category-legislacion-2 mtphr-dnt-post-category-tratados-2 mtphr-dnt-post-post_tag-caflt mtphr-dnt-post-post_tag-migrantes mtphr-dnt-post-post_tag-mrr mtphr-dnt-post-post_tag-organizaciones mtphr-dnt-post-post_tag-t-mec mtphr-dnt-post-post_tag-trabajo\"><h4 class=\"mtphr-dnt-posts-title\"><a href=\"https:\/\/barradecomercio.org\/?p=12903\">Organizaciones exigen blindar el T-MEC contra explotaci\u00f3n y trabajo forzoso<\/a><\/h4><a class=\"mtphr-dnt-posts-thumb\" href=\"https:\/\/barradecomercio.org\/?p=12903\"><img loading=\"lazy\" decoding=\"async\" width=\"300\" height=\"170\" src=\"https:\/\/i0.wp.com\/barradecomercio.org\/wp-content\/uploads\/2025\/11\/M_2025_trabajo_forzoso_tmec.jpg?fit=300%2C170&amp;ssl=1\" class=\"attachment-medium size-medium wp-post-image\" alt=\"\" srcset=\"https:\/\/i0.wp.com\/barradecomercio.org\/wp-content\/uploads\/2025\/11\/M_2025_trabajo_forzoso_tmec.jpg?w=460&amp;ssl=1 460w, https:\/\/i0.wp.com\/barradecomercio.org\/wp-content\/uploads\/2025\/11\/M_2025_trabajo_forzoso_tmec.jpg?resize=300%2C170&amp;ssl=1 300w\" sizes=\"auto, (max-width: 300px) 100vw, 300px\" \/><\/a><\/div><\/td><\/tr><\/table><\/div><\/div><\/div><div class=\"mtphr-dnt-tick-paging\" style=\"margin-top:40px;\"><\/div><\/div><\/div>\n","protected":false},"excerpt":{"rendered":"<p>Tratado de Libre Comercio M\u00e9xico-Bolivia M\u00e9xico -Bolivia &nbsp; https:\/\/barradecomercio.org\/wp-content\/uploads\/2015\/01\/ACE66_s.pdf Solicite servicios de consultor\u00ed\u00ada para sus operaciones Solicitar servicios de consultor\u00ed\u00ada Tel\u00e9fono: 55 45 98 86 56 Email: informes@barradecomercio.org.mx WhatsApp: \u00a0 +52 55 45 98 86 56 Te pude interesar<\/p>\n","protected":false},"author":2,"featured_media":5847,"parent":0,"menu_order":0,"comment_status":"open","ping_status":"closed","template":"","meta":{"jetpack_post_was_ever_published":false,"footnotes":""},"class_list":["post-5846","page","type-page","status-publish","has-post-thumbnail","hentry"],"jetpack-related-posts":[],"jetpack_sharing_enabled":true,"_links":{"self":[{"href":"https:\/\/barradecomercio.org\/index.php?rest_route=\/wp\/v2\/pages\/5846","targetHints":{"allow":["GET"]}}],"collection":[{"href":"https:\/\/barradecomercio.org\/index.php?rest_route=\/wp\/v2\/pages"}],"about":[{"href":"https:\/\/barradecomercio.org\/index.php?rest_route=\/wp\/v2\/types\/page"}],"author":[{"embeddable":true,"href":"https:\/\/barradecomercio.org\/index.php?rest_route=\/wp\/v2\/users\/2"}],"replies":[{"embeddable":true,"href":"https:\/\/barradecomercio.org\/index.php?rest_route=%2Fwp%2Fv2%2Fcomments&post=5846"}],"version-history":[{"count":14,"href":"https:\/\/barradecomercio.org\/index.php?rest_route=\/wp\/v2\/pages\/5846\/revisions"}],"predecessor-version":[{"id":9879,"href":"https:\/\/barradecomercio.org\/index.php?rest_route=\/wp\/v2\/pages\/5846\/revisions\/9879"}],"wp:featuredmedia":[{"embeddable":true,"href":"https:\/\/barradecomercio.org\/index.php?rest_route=\/wp\/v2\/media\/5847"}],"wp:attachment":[{"href":"https:\/\/barradecomercio.org\/index.php?rest_route=%2Fwp%2Fv2%2Fmedia&parent=5846"}],"curies":[{"name":"wp","href":"https:\/\/api.w.org\/{rel}","templated":true}]}}