{"id":5640,"date":"2015-01-20T23:59:28","date_gmt":"2015-01-21T05:59:28","guid":{"rendered":"https:\/\/barradecomercio.org\/?page_id=5640"},"modified":"2021-06-14T12:51:15","modified_gmt":"2021-06-14T18:51:15","slug":"mecanismo-por-el-que-se-establecen-precios-estimados","status":"publish","type":"page","link":"https:\/\/barradecomercio.org\/?page_id=5640","title":{"rendered":"Mecanismo por el que se establecen precios estimados"},"content":{"rendered":"<p><a href=\"http:\/\/www.dof.gob.mx\/nota_detalle.php?codigo=5436417&amp;fecha=10\/05\/2016\" target=\"_blank\" rel=\"noopener\">Ver: DOF Actualizaci\u00f3n al 10 de mayo de 2016. Precios Estimados<\/a><\/p>\n<p><iframe loading=\"lazy\" src=\"https:\/\/barradecomercio.org\/textos\/mec_precios_estimados.html\" width=\"100%\" height=\"99000\" frameborder=\"0\" scrolling=\"Yes\"><\/iframe><\/p>\n<h2>Aspectos de actualidad<\/h2>\n<div id=\"mtphr-dnt-2485\" class=\"mtphr-dnt mtphr-dnt-2485 mtphr-dnt-posts mtphr-dnt-list\"><div class=\"mtphr-dnt-wrapper mtphr-dnt-clearfix\"><div class=\"mtphr-dnt-tick-container\"><div class=\"mtphr-dnt-tick-contents\"><div class=\"mtphr-dnt-tick mtphr-dnt-posts-tick mtphr-dnt-clearfix \"><table class=\"mtphr-dnt-grid\"><tr class=\"mtphr-dnt-grid-row mtphr-dnt-grid-row-1\"><td class=\"mtphr-dnt-grid-item mtphr-dnt-grid-item-1 mtphr-dnt-grid-item-posts\" style=\"width:33.333333333333%;padding:15px;\"><div class=\"mtphr-dnt-post mtphr-dnt-post-9017 mtphr-dnt-post-type-post mtphr-dnt-post-category-legislacion-2 mtphr-dnt-post-post_tag-actualizacion mtphr-dnt-post-post_tag-clasificacion-arancelaria mtphr-dnt-post-post_tag-enmienda mtphr-dnt-post-post_tag-fraccion-arancelaria mtphr-dnt-post-post_tag-nic mtphr-dnt-post-post_tag-nico mtphr-dnt-post-post_tag-numero-identificacion-comercial mtphr-dnt-post-post_tag-oma mtphr-dnt-post-post_tag-sistema-armonizado\"><h4 class=\"mtphr-dnt-posts-title\"><a href=\"https:\/\/barradecomercio.org\/?p=9017\">SHCP y SE crear\u00e1n n\u00fameros de identificaci\u00f3n comercial<\/a><\/h4><a class=\"mtphr-dnt-posts-thumb\" href=\"https:\/\/barradecomercio.org\/?p=9017\"><img decoding=\"async\" src=\"https:\/\/i0.wp.com\/barradecomercio.org\/wp-content\/uploads\/2020\/08\/NICO.jpg?fit=300%2C300&amp;ssl=1\" class=\"attachment-medium size-medium wp-post-image\" alt=\"N\u00famero de Identificaci\u00f3n Comercial\" \/><\/a><\/div><\/td><td class=\"mtphr-dnt-grid-item mtphr-dnt-grid-item-2 mtphr-dnt-grid-item-posts\" style=\"width:33.333333333333%;padding:15px;\"><div class=\"mtphr-dnt-post mtphr-dnt-post-13113 mtphr-dnt-post-type-post mtphr-dnt-post-category-barradecomercio-2 mtphr-dnt-post-category-finanzas mtphr-dnt-post-category-fiscal mtphr-dnt-post-category-impuestos mtphr-dnt-post-category-industria-2 mtphr-dnt-post-category-internacional-2 mtphr-dnt-post-category-juridico mtphr-dnt-post-category-legislacion-2 mtphr-dnt-post-category-logistica-2 mtphr-dnt-post-category-tratados-2 mtphr-dnt-post-post_tag-acuerdo mtphr-dnt-post-post_tag-europea mtphr-dnt-post-post_tag-impuestos mtphr-dnt-post-post_tag-mexico mtphr-dnt-post-post_tag-negocicion mtphr-dnt-post-post_tag-tratado mtphr-dnt-post-post_tag-ue mtphr-dnt-post-post_tag-union\"><h4 class=\"mtphr-dnt-posts-title\"><a href=\"https:\/\/barradecomercio.org\/?p=13113\">El Consejo de la Uni\u00f3n Europea aprueba el nuevo acuerdo comercial con M\u00e9xico<\/a><\/h4><a class=\"mtphr-dnt-posts-thumb\" href=\"https:\/\/barradecomercio.org\/?p=13113\"><img loading=\"lazy\" decoding=\"async\" width=\"300\" height=\"170\" src=\"https:\/\/i0.wp.com\/barradecomercio.org\/wp-content\/uploads\/2026\/05\/M_2026_Acuerdo_UE-MEX.jpg?fit=300%2C170&amp;ssl=1\" class=\"attachment-medium size-medium wp-post-image\" alt=\"\" srcset=\"https:\/\/i0.wp.com\/barradecomercio.org\/wp-content\/uploads\/2026\/05\/M_2026_Acuerdo_UE-MEX.jpg?w=460&amp;ssl=1 460w, https:\/\/i0.wp.com\/barradecomercio.org\/wp-content\/uploads\/2026\/05\/M_2026_Acuerdo_UE-MEX.jpg?resize=300%2C170&amp;ssl=1 300w\" sizes=\"auto, (max-width: 300px) 100vw, 300px\" \/><\/a><\/div><\/td><td class=\"mtphr-dnt-grid-item mtphr-dnt-grid-item-3 mtphr-dnt-grid-item-posts\" style=\"width:33.333333333333%;padding:15px;\"><div class=\"mtphr-dnt-post mtphr-dnt-post-5218 mtphr-dnt-post-type-post mtphr-dnt-post-category-legislacion-2 mtphr-dnt-post-post_tag-arancelaria mtphr-dnt-post-post_tag-arroz mtphr-dnt-post-post_tag-caucho mtphr-dnt-post-post_tag-cerdo mtphr-dnt-post-post_tag-cupo mtphr-dnt-post-post_tag-fraccion mtphr-dnt-post-post_tag-importacion mtphr-dnt-post-post_tag-jamaica mtphr-dnt-post-post_tag-llantas mtphr-dnt-post-post_tag-neumaticos\"><h4 class=\"mtphr-dnt-posts-title\"><a href=\"https:\/\/barradecomercio.org\/?p=5218\">Se crean nuevas fracciones arancelarias para reducir costos en importaci\u00f3n<\/a><\/h4><a class=\"mtphr-dnt-posts-thumb\" href=\"https:\/\/barradecomercio.org\/?p=5218\"><img loading=\"lazy\" decoding=\"async\" width=\"300\" height=\"169\" src=\"https:\/\/i0.wp.com\/barradecomercio.org\/wp-content\/uploads\/2015\/01\/M_noticias_FA_jamaica_llantas_cerdo.jpg?fit=300%2C169&amp;ssl=1\" class=\"attachment-medium size-medium wp-post-image\" alt=\"\" srcset=\"https:\/\/i0.wp.com\/barradecomercio.org\/wp-content\/uploads\/2015\/01\/M_noticias_FA_jamaica_llantas_cerdo.jpg?w=460&amp;ssl=1 460w, https:\/\/i0.wp.com\/barradecomercio.org\/wp-content\/uploads\/2015\/01\/M_noticias_FA_jamaica_llantas_cerdo.jpg?resize=300%2C169&amp;ssl=1 300w\" sizes=\"auto, (max-width: 300px) 100vw, 300px\" \/><\/a><\/div><\/td><\/tr><\/table><\/div><\/div><\/div><div class=\"mtphr-dnt-tick-paging\" style=\"margin-top:20px;\"><\/div><\/div><\/div>\n","protected":false},"excerpt":{"rendered":"<p>Ver: DOF Actualizaci\u00f3n al 10 de mayo de 2016. Precios Estimados Aspectos de actualidad<\/p>\n","protected":false},"author":2,"featured_media":1823,"parent":0,"menu_order":0,"comment_status":"open","ping_status":"open","template":"","meta":{"jetpack_post_was_ever_published":false,"footnotes":""},"class_list":["post-5640","page","type-page","status-publish","has-post-thumbnail","hentry"],"jetpack-related-posts":[],"jetpack_sharing_enabled":true,"_links":{"self":[{"href":"https:\/\/barradecomercio.org\/index.php?rest_route=\/wp\/v2\/pages\/5640","targetHints":{"allow":["GET"]}}],"collection":[{"href":"https:\/\/barradecomercio.org\/index.php?rest_route=\/wp\/v2\/pages"}],"about":[{"href":"https:\/\/barradecomercio.org\/index.php?rest_route=\/wp\/v2\/types\/page"}],"author":[{"embeddable":true,"href":"https:\/\/barradecomercio.org\/index.php?rest_route=\/wp\/v2\/users\/2"}],"replies":[{"embeddable":true,"href":"https:\/\/barradecomercio.org\/index.php?rest_route=%2Fwp%2Fv2%2Fcomments&post=5640"}],"version-history":[{"count":15,"href":"https:\/\/barradecomercio.org\/index.php?rest_route=\/wp\/v2\/pages\/5640\/revisions"}],"predecessor-version":[{"id":9961,"href":"https:\/\/barradecomercio.org\/index.php?rest_route=\/wp\/v2\/pages\/5640\/revisions\/9961"}],"wp:featuredmedia":[{"embeddable":true,"href":"https:\/\/barradecomercio.org\/index.php?rest_route=\/wp\/v2\/media\/1823"}],"wp:attachment":[{"href":"https:\/\/barradecomercio.org\/index.php?rest_route=%2Fwp%2Fv2%2Fmedia&parent=5640"}],"curies":[{"name":"wp","href":"https:\/\/api.w.org\/{rel}","templated":true}]}}